{"id":498,"date":"2024-05-31T05:08:47","date_gmt":"2024-05-31T05:08:47","guid":{"rendered":"https:\/\/temps1.sg-host.com\/?post_type=product&#038;p=498"},"modified":"2024-09-19T10:03:02","modified_gmt":"2024-09-19T10:03:02","slug":"el-resplandor","status":"publish","type":"product","link":"https:\/\/adrianvalverde.es\/en\/product\/el-resplandor\/","title":{"rendered":"THE SHINING. Charcoal pencil on paper."},"content":{"rendered":"<p><strong>High quality digital prints on 250 g. paper signed by Adri\u00e1n Valverde.<\/strong><\/p>\n<p><strong>Digital prints are a perfect alternative to buying the original works. They are high resolution prints with a texture and tone very similar to graphite, charcoal or coloured pencil works.<\/strong><\/p>\n<p>(All sizes include a margin of 1 cm. on the sides and 1 cm. or more on the bottom and top depending on the format of the original work).<\/p>\n<p><strong>Delivery may take approximately one to two weeks.<\/strong><\/p>","protected":false},"excerpt":{"rendered":"<p>Impresiones digitales de alta calidad en papel de 250 g. firmadas por Adri\u00e1n Valverde. Las impresiones digitales son una perfecta alternativa a la compra de las obras originales. Son copias\u00a0en alta resoluci\u00f3n con una textura y tono muy parecidos a los trabajos en grafito, carb\u00f3n o l\u00e1piz de color. (Todos los tama\u00f1os incluyen un margen de 1 cm. por los lados y de 1 cm. o m\u00e1s por abajo y por arriba dependiendo del formato de la obra original). El env\u00edo podr\u00e1\u00a0tardar aproximadamente entre una y dos semanas.<\/p>","protected":false},"featured_media":92,"comment_status":"open","ping_status":"closed","template":"","meta":[],"product_brand":[],"product_cat":[26],"product_tag":[],"class_list":{"0":"post-498","1":"product","2":"type-product","3":"status-publish","4":"has-post-thumbnail","6":"product_cat-de-cine","8":"first","9":"instock","10":"shipping-taxable","11":"purchasable","12":"product-type-variable"},"_links":{"self":[{"href":"https:\/\/adrianvalverde.es\/en\/wp-json\/wp\/v2\/product\/498","targetHints":{"allow":["GET"]}}],"collection":[{"href":"https:\/\/adrianvalverde.es\/en\/wp-json\/wp\/v2\/product"}],"about":[{"href":"https:\/\/adrianvalverde.es\/en\/wp-json\/wp\/v2\/types\/product"}],"replies":[{"embeddable":true,"href":"https:\/\/adrianvalverde.es\/en\/wp-json\/wp\/v2\/comments?post=498"}],"wp:featuredmedia":[{"embeddable":true,"href":"https:\/\/adrianvalverde.es\/en\/wp-json\/wp\/v2\/media\/92"}],"wp:attachment":[{"href":"https:\/\/adrianvalverde.es\/en\/wp-json\/wp\/v2\/media?parent=498"}],"wp:term":[{"taxonomy":"product_brand","embeddable":true,"href":"https:\/\/adrianvalverde.es\/en\/wp-json\/wp\/v2\/product_brand?post=498"},{"taxonomy":"product_cat","embeddable":true,"href":"https:\/\/adrianvalverde.es\/en\/wp-json\/wp\/v2\/product_cat?post=498"},{"taxonomy":"product_tag","embeddable":true,"href":"https:\/\/adrianvalverde.es\/en\/wp-json\/wp\/v2\/product_tag?post=498"}],"curies":[{"name":"wp","href":"https:\/\/api.w.org\/{rel}","templated":true}]}}